{"id":7253,"date":"2020-12-15T19:41:17","date_gmt":"2020-12-16T00:41:17","guid":{"rendered":"https:\/\/clinicasanantonio.org\/?page_id=7253"},"modified":"2020-12-15T19:50:08","modified_gmt":"2020-12-16T00:50:08","slug":"salud-del-hombre","status":"publish","type":"page","link":"https:\/\/clinicasanantonio.org\/en\/servicios\/salud-del-hombre\/","title":{"rendered":"Men's health"},"content":{"rendered":"<div data-elementor-type=\"wp-post\" data-elementor-id=\"7253\" class=\"elementor elementor-7253\" data-elementor-post-type=\"page\">\n\t\t\t\t\t\t<section class=\"elementor-section elementor-top-section elementor-element elementor-element-3231598 elementor-section-height-min-height elementor-section-boxed elementor-section-height-default elementor-section-items-middle\" data-id=\"3231598\" data-element_type=\"section\" data-settings=\"{&quot;background_background&quot;:&quot;classic&quot;}\">\n\t\t\t\t\t\t\t<div class=\"elementor-background-overlay\"><\/div>\n\t\t\t\t\t\t\t<div class=\"elementor-container elementor-column-gap-default\">\n\t\t\t\t\t<div class=\"elementor-column elementor-col-100 elementor-top-column elementor-element elementor-element-d7e2f1b\" data-id=\"d7e2f1b\" data-element_type=\"column\">\n\t\t\t<div class=\"elementor-widget-wrap elementor-element-populated\">\n\t\t\t\t\t\t<div class=\"elementor-element elementor-element-3a3ae9b elementor-widget elementor-widget-theme-post-title elementor-page-title elementor-widget-heading\" data-id=\"3a3ae9b\" data-element_type=\"widget\" data-widget_type=\"theme-post-title.default\">\n\t\t\t\t<div class=\"elementor-widget-container\">\n\t\t\t\t\t<h1 class=\"elementor-heading-title elementor-size-default\">Men's health<\/h1>\t\t\t\t<\/div>\n\t\t\t\t<\/div>\n\t\t\t\t<div class=\"elementor-element elementor-element-70df6b3 elementor-icon-list--layout-inline elementor-align-center elementor-list-item-link-full_width elementor-widget elementor-widget-icon-list\" data-id=\"70df6b3\" data-element_type=\"widget\" data-widget_type=\"icon-list.default\">\n\t\t\t\t<div class=\"elementor-widget-container\">\n\t\t\t\t\t\t\t<ul class=\"elementor-icon-list-items elementor-inline-items\">\n\t\t\t\t\t\t\t<li class=\"elementor-icon-list-item elementor-inline-item\">\n\t\t\t\t\t\t\t\t\t\t\t<a href=\"https:\/\/clinicasanantonio.org\/en\">\n\n\t\t\t\t\t\t\t\t\t\t\t\t<span class=\"elementor-icon-list-icon\">\n\t\t\t\t\t\t\t<i aria-hidden=\"true\" class=\"fas fa-home\"><\/i>\t\t\t\t\t\t<\/span>\n\t\t\t\t\t\t\t\t\t\t<span class=\"elementor-icon-list-text\">Home<\/span>\n\t\t\t\t\t\t\t\t\t\t\t<\/a>\n\t\t\t\t\t\t\t\t\t<\/li>\n\t\t\t\t\t\t\t\t<li class=\"elementor-icon-list-item elementor-inline-item\">\n\t\t\t\t\t\t\t\t\t\t\t<span class=\"elementor-icon-list-icon\">\n\t\t\t\t\t\t\t<i aria-hidden=\"true\" class=\"fas fa-angle-double-right\"><\/i>\t\t\t\t\t\t<\/span>\n\t\t\t\t\t\t\t\t\t\t<span class=\"elementor-icon-list-text\">Men's health<\/span>\n\t\t\t\t\t\t\t\t\t<\/li>\n\t\t\t\t\t\t<\/ul>\n\t\t\t\t\t\t<\/div>\n\t\t\t\t<\/div>\n\t\t\t\t\t<\/div>\n\t\t<\/div>\n\t\t\t\t\t<\/div>\n\t\t<\/section>\n\t\t\t\t<section class=\"elementor-section elementor-top-section elementor-element elementor-element-96539bf elementor-section-boxed elementor-section-height-default elementor-section-height-default\" data-id=\"96539bf\" data-element_type=\"section\" data-settings=\"{&quot;background_background&quot;:&quot;classic&quot;}\">\n\t\t\t\t\t\t<div class=\"elementor-container elementor-column-gap-default\">\n\t\t\t\t\t<div class=\"elementor-column elementor-col-50 elementor-top-column elementor-element elementor-element-cd585b1\" data-id=\"cd585b1\" data-element_type=\"column\" data-settings=\"{&quot;background_background&quot;:&quot;classic&quot;}\">\n\t\t\t<div class=\"elementor-widget-wrap elementor-element-populated\">\n\t\t\t\t\t\t<div class=\"elementor-element elementor-element-012a965 elementor-widget elementor-widget-text-editor\" data-id=\"012a965\" data-element_type=\"widget\" data-widget_type=\"text-editor.default\">\n\t\t\t\t<div class=\"elementor-widget-container\">\n\t\t\t\t\t\t\t\t\t<p>Male conditions can be prevented with diligent care that seeks to take care of your well-being. Our men's health physicians will lead you to maintain a healthy diet, treatments to address the most recurring conditions and give you the balance your life needs to prevent various conditions:<\/p><ul><li>Hypertension.<\/li><li>Acidity problems.<\/li><li>Development of ulcers.<\/li><li>Chronic obstructive pulmonary disease (COPD).<\/li><li>Gastroesophageal reflux.<\/li><li>Diabetes mellitus.<\/li><li>Cholesterol disorders.<\/li><li>Thyroid screening.<\/li><li>Infertility.<\/li><li>Test for sexually transmitted diseases.<\/li><\/ul>\t\t\t\t\t\t\t\t<\/div>\n\t\t\t\t<\/div>\n\t\t\t\t<div class=\"elementor-element elementor-element-c6e6993 elementor-widget elementor-widget-image\" data-id=\"c6e6993\" data-element_type=\"widget\" data-widget_type=\"image.default\">\n\t\t\t\t<div class=\"elementor-widget-container\">\n\t\t\t\t\t\t\t\t\t\t\t\t\t\t\t<img fetchpriority=\"high\" decoding=\"async\" width=\"640\" height=\"427\" src=\"https:\/\/clinicasanantonio.org\/wp-content\/uploads\/2020\/12\/cml-salud-masculina-02-1024x683.jpg\" class=\"attachment-large size-large wp-image-7124\" alt=\"\" srcset=\"https:\/\/clinicasanantonio.org\/wp-content\/uploads\/2020\/12\/cml-salud-masculina-02-1024x683.jpg 1024w, https:\/\/clinicasanantonio.org\/wp-content\/uploads\/2020\/12\/cml-salud-masculina-02-300x200.jpg 300w, https:\/\/clinicasanantonio.org\/wp-content\/uploads\/2020\/12\/cml-salud-masculina-02-768x512.jpg 768w, https:\/\/clinicasanantonio.org\/wp-content\/uploads\/2020\/12\/cml-salud-masculina-02-16x12.jpg 16w, https:\/\/clinicasanantonio.org\/wp-content\/uploads\/2020\/12\/cml-salud-masculina-02.jpg 1200w\" sizes=\"(max-width: 640px) 100vw, 640px\" \/>\t\t\t\t\t\t\t\t\t\t\t\t\t\t\t<\/div>\n\t\t\t\t<\/div>\n\t\t\t\t\t<\/div>\n\t\t<\/div>\n\t\t\t\t<div class=\"elementor-column elementor-col-50 elementor-top-column elementor-element elementor-element-e3b2f57\" data-id=\"e3b2f57\" data-element_type=\"column\" data-settings=\"{&quot;background_background&quot;:&quot;classic&quot;}\">\n\t\t\t<div class=\"elementor-widget-wrap elementor-element-populated\">\n\t\t\t\t\t\t<div class=\"elementor-element elementor-element-ae4f880 elementor-widget elementor-widget-heading\" data-id=\"ae4f880\" data-element_type=\"widget\" data-widget_type=\"heading.default\">\n\t\t\t\t<div class=\"elementor-widget-container\">\n\t\t\t\t\t<h2 class=\"elementor-heading-title elementor-size-default\">Contact Us<\/h2>\t\t\t\t<\/div>\n\t\t\t\t<\/div>\n\t\t\t\t<div class=\"elementor-element elementor-element-d49ba5b elementor-widget-divider--view-line elementor-widget elementor-widget-divider\" data-id=\"d49ba5b\" data-element_type=\"widget\" data-widget_type=\"divider.default\">\n\t\t\t\t<div class=\"elementor-widget-container\">\n\t\t\t\t\t\t\t<div class=\"elementor-divider\">\n\t\t\t<span class=\"elementor-divider-separator\">\n\t\t\t\t\t\t<\/span>\n\t\t<\/div>\n\t\t\t\t\t\t<\/div>\n\t\t\t\t<\/div>\n\t\t\t\t<div class=\"elementor-element elementor-element-f0d1a5a elementor-align-center elementor-widget elementor-widget-button\" data-id=\"f0d1a5a\" data-element_type=\"widget\" data-widget_type=\"button.default\">\n\t\t\t\t<div class=\"elementor-widget-container\">\n\t\t\t\t\t\t\t\t\t<div class=\"elementor-button-wrapper\">\n\t\t\t\t\t<a class=\"elementor-button elementor-button-link elementor-size-md\" href=\"https:\/\/clinicasanantonio.org\/en\/contacto\/\">\n\t\t\t\t\t\t<span class=\"elementor-button-content-wrapper\">\n\t\t\t\t\t\t\t\t\t<span class=\"elementor-button-text\">Schedule an appointment<\/span>\n\t\t\t\t\t<\/span>\n\t\t\t\t\t<\/a>\n\t\t\t\t<\/div>\n\t\t\t\t\t\t\t\t<\/div>\n\t\t\t\t<\/div>\n\t\t\t\t<div class=\"elementor-element elementor-element-d6727b1 elementor-widget elementor-widget-spacer\" data-id=\"d6727b1\" data-element_type=\"widget\" data-widget_type=\"spacer.default\">\n\t\t\t\t<div class=\"elementor-widget-container\">\n\t\t\t\t\t\t\t<div class=\"elementor-spacer\">\n\t\t\t<div class=\"elementor-spacer-inner\"><\/div>\n\t\t<\/div>\n\t\t\t\t\t\t<\/div>\n\t\t\t\t<\/div>\n\t\t\t\t<div class=\"elementor-element elementor-element-1a929bb elementor-widget elementor-widget-heading\" data-id=\"1a929bb\" data-element_type=\"widget\" data-widget_type=\"heading.default\">\n\t\t\t\t<div class=\"elementor-widget-container\">\n\t\t\t\t\t<h2 class=\"elementor-heading-title elementor-size-default\">Facebook<\/h2>\t\t\t\t<\/div>\n\t\t\t\t<\/div>\n\t\t\t\t<div class=\"elementor-element elementor-element-f7b4ea8 elementor-widget-divider--view-line elementor-widget elementor-widget-divider\" data-id=\"f7b4ea8\" data-element_type=\"widget\" data-widget_type=\"divider.default\">\n\t\t\t\t<div class=\"elementor-widget-container\">\n\t\t\t\t\t\t\t<div class=\"elementor-divider\">\n\t\t\t<span class=\"elementor-divider-separator\">\n\t\t\t\t\t\t<\/span>\n\t\t<\/div>\n\t\t\t\t\t\t<\/div>\n\t\t\t\t<\/div>\n\t\t\t\t<div class=\"elementor-element elementor-element-fe26033 elementor-widget elementor-widget-global elementor-global-7230 elementor-widget-facebook-page\" data-id=\"fe26033\" data-element_type=\"widget\" data-widget_type=\"facebook-page.default\">\n\t\t\t\t<div class=\"elementor-widget-container\">\n\t\t\t\t\t<div class=\"elementor-facebook-widget fb-page\" data-href=\"https:\/\/www.facebook.com\/clinicasanantonionc\/\" data-tabs=\"timeline\" data-height=\"500px\" data-width=\"500px\" data-small-header=\"true\" data-hide-cover=\"false\" data-show-facepile=\"true\" data-hide-cta=\"false\" style=\"min-height: 1px;height:500px\"><\/div>\t\t\t\t<\/div>\n\t\t\t\t<\/div>\n\t\t\t\t\t<\/div>\n\t\t<\/div>\n\t\t\t\t\t<\/div>\n\t\t<\/section>\n\t\t\t\t<\/div>","protected":false},"excerpt":{"rendered":"<p>Home Las condiciones masculinas se pueden prevenir con una atenci\u00f3n diligente que busca cuidar su bienestar. Nuestros m\u00e9dicos de salud masculina lo llevar\u00e1n a mantener una dieta saludable, tratamientos para hacer frente a las condiciones m\u00e1s recurrentes y darle el equilibrio que necesita su vida para prevenir diversas afecciones: Hipertensi\u00f3n. Problemas de acidez. Desarrollo de&#8230;<\/p>","protected":false},"author":1,"featured_media":0,"parent":7109,"menu_order":2,"comment_status":"closed","ping_status":"closed","template":"elementor_header_footer","meta":{"footnotes":""},"class_list":["post-7253","page","type-page","status-publish","hentry"],"_links":{"self":[{"href":"https:\/\/clinicasanantonio.org\/en\/wp-json\/wp\/v2\/pages\/7253","targetHints":{"allow":["GET"]}}],"collection":[{"href":"https:\/\/clinicasanantonio.org\/en\/wp-json\/wp\/v2\/pages"}],"about":[{"href":"https:\/\/clinicasanantonio.org\/en\/wp-json\/wp\/v2\/types\/page"}],"author":[{"embeddable":true,"href":"https:\/\/clinicasanantonio.org\/en\/wp-json\/wp\/v2\/users\/1"}],"replies":[{"embeddable":true,"href":"https:\/\/clinicasanantonio.org\/en\/wp-json\/wp\/v2\/comments?post=7253"}],"version-history":[{"count":5,"href":"https:\/\/clinicasanantonio.org\/en\/wp-json\/wp\/v2\/pages\/7253\/revisions"}],"predecessor-version":[{"id":7275,"href":"https:\/\/clinicasanantonio.org\/en\/wp-json\/wp\/v2\/pages\/7253\/revisions\/7275"}],"up":[{"embeddable":true,"href":"https:\/\/clinicasanantonio.org\/en\/wp-json\/wp\/v2\/pages\/7109"}],"wp:attachment":[{"href":"https:\/\/clinicasanantonio.org\/en\/wp-json\/wp\/v2\/media?parent=7253"}],"curies":[{"name":"wp","href":"https:\/\/api.w.org\/{rel}","templated":true}]}}