{"id":7759,"date":"2024-11-19T15:24:09","date_gmt":"2024-11-19T20:24:09","guid":{"rendered":"https:\/\/clinicasanantonio.org\/?page_id=7759"},"modified":"2025-02-03T11:30:01","modified_gmt":"2025-02-03T16:30:01","slug":"politica-de-privacidad","status":"publish","type":"page","link":"https:\/\/clinicasanantonio.org\/en\/politica-de-privacidad\/","title":{"rendered":"Privacy Policy"},"content":{"rendered":"<div data-elementor-type=\"wp-page\" data-elementor-id=\"7759\" class=\"elementor elementor-7759\" data-elementor-post-type=\"page\">\n\t\t\t\t\t\t<section class=\"elementor-section elementor-top-section elementor-element elementor-element-f7cb729 elementor-section-boxed elementor-section-height-default elementor-section-height-default\" data-id=\"f7cb729\" data-element_type=\"section\">\n\t\t\t\t\t\t<div class=\"elementor-container elementor-column-gap-default\">\n\t\t\t\t\t<div class=\"elementor-column elementor-col-100 elementor-top-column elementor-element elementor-element-27558ed\" data-id=\"27558ed\" data-element_type=\"column\">\n\t\t\t<div class=\"elementor-widget-wrap elementor-element-populated\">\n\t\t\t\t\t\t<div class=\"elementor-element elementor-element-fe42260 elementor-widget elementor-widget-text-editor\" data-id=\"fe42260\" data-element_type=\"widget\" data-widget_type=\"text-editor.default\">\n\t\t\t\t<div class=\"elementor-widget-container\">\n\t\t\t\t\t\t\t\t\t<h4><span style=\"font-weight: 400;\">San Antonio Clinic Terms and Conditions \/ Privacy Policy<\/span><\/h4><p><span style=\"font-weight: 400;\">San Antonio Clinic respects your privacy. By choosing our SMS messaging service, you agree to the following terms regarding how we handle your data:<\/span><\/p><ul><li><span style=\"font-weight: 400;\"> Data Collection: We will collect your name, email address, postal address, and mobile phone number when you sign up to receive SMS updates. The information will be collected through the website contact form, email, or third-party booking systems.<\/span><\/li><li><span style=\"font-weight: 400;\"> Use of Data: We use your data solely to send updates related to your appointments, referrals to specialists, radiology, and reminders related to our services.<\/span><\/li><li><span style=\"font-weight: 400;\"> Data Security: We protect your data with secure storage measures to prevent unauthorized access.<\/span><\/li><li><span style=\"font-weight: 400;\"> Data Retention: We retain your information while you are subscribed to our SMS service. You may request deletion at any time.<\/span><\/li><li><span style=\"font-weight: 400;\"> MESSAGE AND DATA FEES MAY APPLY. Your mobile carrier may charge fees for sending or receiving text messages, especially if you do not have an unlimited data or text messaging plan.<\/span><\/li><li><span style=\"font-weight: 400;\"> Messages are recurring, and the frequency of messages may vary.<\/span><\/li><li><span style=\"font-weight: 400;\"> Contact San Antonio Clinic at (704) 313-3057 for HELP or to STOP receiving messages.<\/span><\/li><li><span style=\"font-weight: 400;\"> Unsubscribe: You can unsubscribe from the SMS list at any time by sending a text message, an email, or replying with the word STOP or UNSUBSCRIBE to (704) 313-3057. After unsubscribing, you will receive a final SMS confirming that you have been unsubscribed, and we will remove your number from our list within 24 hours.<\/span><\/li><li><span style=\"font-weight: 400;\"> You can text HELP for additional assistance and will receive a text message with our phone number, email, and website. We are here to help.<\/span><\/li><li><span style=\"font-weight: 400;\"> No Sharing Clause: We do not share your data with third parties for marketing purposes. San Antonio Clinic will not sell, rent, or share the collected mobile phone numbers.<\/span><\/li><\/ul><p><span style=\"font-weight: 400;\">Privacy Policy Terms and Conditions<\/span><\/p>\t\t\t\t\t\t\t\t<\/div>\n\t\t\t\t<\/div>\n\t\t\t\t\t<\/div>\n\t\t<\/div>\n\t\t\t\t\t<\/div>\n\t\t<\/section>\n\t\t\t\t<\/div>","protected":false},"excerpt":{"rendered":"<p>Cl\u00ednica San Antonio T\u00e9rminos y condiciones \/ Pol\u00edtica de privacidad Cl\u00ednica San Antonio respeta su privacidad. Al optar por nuestro servicio de mensajer\u00eda SMS, acepta los siguientes t\u00e9rminos sobre c\u00f3mo manejamos sus datos: Recopilaci\u00f3n de datos: recopilaremos su nombre, direcci\u00f3n de correo electr\u00f3nico, direcci\u00f3n postal y n\u00famero de tel\u00e9fono m\u00f3vil cuando se registre para recibir&#8230;<\/p>","protected":false},"author":3,"featured_media":0,"parent":0,"menu_order":0,"comment_status":"closed","ping_status":"closed","template":"","meta":{"footnotes":""},"class_list":["post-7759","page","type-page","status-publish","hentry"],"_links":{"self":[{"href":"https:\/\/clinicasanantonio.org\/en\/wp-json\/wp\/v2\/pages\/7759","targetHints":{"allow":["GET"]}}],"collection":[{"href":"https:\/\/clinicasanantonio.org\/en\/wp-json\/wp\/v2\/pages"}],"about":[{"href":"https:\/\/clinicasanantonio.org\/en\/wp-json\/wp\/v2\/types\/page"}],"author":[{"embeddable":true,"href":"https:\/\/clinicasanantonio.org\/en\/wp-json\/wp\/v2\/users\/3"}],"replies":[{"embeddable":true,"href":"https:\/\/clinicasanantonio.org\/en\/wp-json\/wp\/v2\/comments?post=7759"}],"version-history":[{"count":6,"href":"https:\/\/clinicasanantonio.org\/en\/wp-json\/wp\/v2\/pages\/7759\/revisions"}],"predecessor-version":[{"id":7870,"href":"https:\/\/clinicasanantonio.org\/en\/wp-json\/wp\/v2\/pages\/7759\/revisions\/7870"}],"wp:attachment":[{"href":"https:\/\/clinicasanantonio.org\/en\/wp-json\/wp\/v2\/media?parent=7759"}],"curies":[{"name":"wp","href":"https:\/\/api.w.org\/{rel}","templated":true}]}}